{"id":11152,"date":"2025-06-13T11:11:41","date_gmt":"2025-06-13T09:11:41","guid":{"rendered":"https:\/\/angionautix.com\/?page_id=11152"},"modified":"2025-06-13T11:11:41","modified_gmt":"2025-06-13T09:11:41","slug":"sistema-de-informacao","status":"publish","type":"page","link":"https:\/\/angionautix.com\/pt-pt\/sistema-de-informacao\/","title":{"rendered":"Sistema de informa\u00e7\u00e3o"},"content":{"rendered":"\n<style type=\"text\/css\" data-created_by=\"avia_inline_auto\" id=\"style-css-av-knpug13k-fe37ca57dca4385746b29aea259a1c75\">\n#top .av-special-heading.av-knpug13k-fe37ca57dca4385746b29aea259a1c75{\npadding-bottom:10px;\n}\nbody .av-special-heading.av-knpug13k-fe37ca57dca4385746b29aea259a1c75 .av-special-heading-tag .heading-char{\nfont-size:25px;\n}\n.av-special-heading.av-knpug13k-fe37ca57dca4385746b29aea259a1c75 .av-subheading{\nfont-size:15px;\n}\n<\/style>\n<div  class='av-special-heading av-knpug13k-fe37ca57dca4385746b29aea259a1c75 av-special-heading-h3  avia-builder-el-0  el_before_av_textblock  avia-builder-el-first '><h3 class='av-special-heading-tag '  itemprop=\"headline\"  >Sistema de informa\u00e7\u00e3o interno<\/h3><div class=\"special-heading-border\"><div class=\"special-heading-inner-border\"><\/div><\/div><\/div>\n<section  class='av_textblock_section av-knpufvgy-b648dcd94c25ba58a0cb58bf436a2f84 '   itemscope=\"itemscope\" itemtype=\"https:\/\/schema.org\/CreativeWork\" ><div class='avia_textblock'  itemprop=\"text\" ><p>Voc\u00ea pode consultar a sistema de informa\u00e7\u00e3o interno da Angionautix, S.L. clicando <a href=\"https:\/\/angionautix.com\/wp-content\/uploads\/2025\/06\/1-Area-descriptiva-Web-SIIF.pdf\">aqui<\/a><\/p>\n<\/div><\/section>\n","protected":false},"excerpt":{"rendered":"","protected":false},"author":6,"featured_media":0,"parent":0,"menu_order":0,"comment_status":"closed","ping_status":"closed","template":"","meta":{"footnotes":""},"class_list":["post-11152","page","type-page","status-publish","hentry"],"_links":{"self":[{"href":"https:\/\/angionautix.com\/pt-pt\/wp-json\/wp\/v2\/pages\/11152","targetHints":{"allow":["GET"]}}],"collection":[{"href":"https:\/\/angionautix.com\/pt-pt\/wp-json\/wp\/v2\/pages"}],"about":[{"href":"https:\/\/angionautix.com\/pt-pt\/wp-json\/wp\/v2\/types\/page"}],"author":[{"embeddable":true,"href":"https:\/\/angionautix.com\/pt-pt\/wp-json\/wp\/v2\/users\/6"}],"replies":[{"embeddable":true,"href":"https:\/\/angionautix.com\/pt-pt\/wp-json\/wp\/v2\/comments?post=11152"}],"version-history":[{"count":2,"href":"https:\/\/angionautix.com\/pt-pt\/wp-json\/wp\/v2\/pages\/11152\/revisions"}],"predecessor-version":[{"id":11166,"href":"https:\/\/angionautix.com\/pt-pt\/wp-json\/wp\/v2\/pages\/11152\/revisions\/11166"}],"wp:attachment":[{"href":"https:\/\/angionautix.com\/pt-pt\/wp-json\/wp\/v2\/media?parent=11152"}],"curies":[{"name":"wp","href":"https:\/\/api.w.org\/{rel}","templated":true}]}}