{"id":11176,"date":"2021-04-20T09:49:31","date_gmt":"2021-04-20T09:49:31","guid":{"rendered":"https:\/\/angionautix.com\/politica-de-cookies\/"},"modified":"2025-06-13T11:36:09","modified_gmt":"2025-06-13T09:36:09","slug":"politica-de-cookies","status":"publish","type":"page","link":"https:\/\/angionautix.com\/pt-pt\/politica-de-cookies\/","title":{"rendered":"Pol\u00edtica de cookies"},"content":{"rendered":"\n<style type=\"text\/css\" data-created_by=\"avia_inline_auto\" id=\"style-css-av-knpui5yg-0b0258c42813302265f657077a8b9ebe\">\n#top .av-special-heading.av-knpui5yg-0b0258c42813302265f657077a8b9ebe{\npadding-bottom:10px;\n}\nbody .av-special-heading.av-knpui5yg-0b0258c42813302265f657077a8b9ebe .av-special-heading-tag .heading-char{\nfont-size:25px;\n}\n.av-special-heading.av-knpui5yg-0b0258c42813302265f657077a8b9ebe .av-subheading{\nfont-size:15px;\n}\n<\/style>\n<div  class='av-special-heading av-knpui5yg-0b0258c42813302265f657077a8b9ebe av-special-heading-h3  avia-builder-el-0  el_before_av_textblock  avia-builder-el-first '><h3 class='av-special-heading-tag '  itemprop=\"headline\"  >Pol\u00edtica de cookies<\/h3><div class=\"special-heading-border\"><div class=\"special-heading-inner-border\"><\/div><\/div><\/div>\n<section  class='av_textblock_section av-knpui284-421f029a106be7a5abeaa5786b09ea23 '   itemscope=\"itemscope\" itemtype=\"https:\/\/schema.org\/CreativeWork\" ><div class='avia_textblock'  itemprop=\"text\" ><p>N\u00f3s usamos cookies para tornar o nosso site mais f\u00e1cil de usar. Cookies s\u00e3o pequenos ficheiros de dados que nos ajudam a perceber como os nossos utilizadores navegam no nosso site e a facilitar esse processo, mostrando-lhes a informa\u00e7\u00e3o na qual est\u00e3o interessados. Os cookies que utilizamos n\u00e3o armazenam quaisquer dados pessoais dos nossos utilizadores, de acordo com a Lei Org\u00e2nica de Prote\u00e7\u00e3o de Dados de Car\u00e1cter Pessoal. Tamb\u00e9m n\u00e3o armazenam qualquer outro tipo de dados que possa ser usado para identificar pessoalmente os utilizadores. Se n\u00e3o desejar utilizar estes cookies, pode reconfigurar o seu navegador de Internet para os eliminar do disco r\u00edgido do seu computador, bloque\u00e1-los ou avis\u00e1-lo antes de serem instalados. Para continuar sem alterar as suas prefer\u00eancias atuais, basta continuar a navegar no nosso site.<\/p>\n<p>Tipos de cookies que utilizamos:<\/p>\n<h3>Cookies de prefer\u00eancia<\/h3>\n<p>Estes cookies permitem-nos saber se j\u00e1 visitou o nosso site anteriormente e, por exemplo, a l\u00edngua predefinida do seu navegador.<br data-start=\"1049\" data-end=\"1052\" \/>A perda dos dados armazenados num cookie de prefer\u00eancia pode tornar a sua experi\u00eancia no nosso site menos funcional, embora o site deva continuar a funcionar normalmente.<\/p>\n<h3>Cookies de funcionamento<\/h3>\n<p>Os cookies de funcionamento ajudam o site a operar e a fornecer aos utilizadores servi\u00e7os como navegar entre sec\u00e7\u00f5es e p\u00e1ginas e aceder a \u00e1reas seguras do site. Sem estes cookies, o site n\u00e3o pode funcionar corretamente.<br data-start=\"1474\" data-end=\"1477\" \/>Estes cookies armazenam os dados necess\u00e1rios durante a sess\u00e3o e as altera\u00e7\u00f5es relacionadas. Tamb\u00e9m nos informam se \u00e9 um utilizador registado no site.<\/p>\n<h3>Cookies de an\u00e1lise<\/h3>\n<p data-start=\"1628\" data-end=\"2034\">O Google Analytics \u00e9 uma ferramenta que permite, principalmente aos propriet\u00e1rios de sites, saber como os utilizadores interagem com os seus sites. Estes cookies operam no dom\u00ednio do site que est\u00e1 a visitar e utilizam um conjunto de dados coletivo para recolher informa\u00e7\u00e3o an\u00f3nima e preparar relat\u00f3rios sobre as tend\u00eancias do site, tudo sem identificar os utilizadores individuais.<\/p>\n<p data-start=\"2036\" data-end=\"2238\">Se n\u00e3o desejar permitir a utiliza\u00e7\u00e3o de cookies no nosso site, pode desativ\u00e1-los nas prefer\u00eancias do seu navegador. Visite os seguintes sites de ajuda para mais informa\u00e7\u00f5es, dependendo do seu navegador:<\/p>\n<ul>\n<li>Chrome:\u00a0<a href=\"http:\/\/support.google.com\/chrome\/bin\/answer.py?hl=es&amp;answer=95647\">http:\/\/support.google.com\/chrome\/bin\/answer.py?hl=es&amp;answer=95647<\/a><\/li>\n<li>Explorer:\u00a0<a href=\"http:\/\/windows.microsoft.com\/es-es\/windows7\/how-to-manage-cookies-in-internet-explorer-9\">http:\/\/windows.microsoft.com\/es-es\/windows7\/how-to-manage-cookies-in-internet-explorer-9<\/a><\/li>\n<li>Firefox:\u00a0<a href=\"http:\/\/support.mozilla.org\/es\/kb\/habilitar-y-deshabilitar-cookies-que-los-sitios-we\">http:\/\/support.mozilla.org\/es\/kb\/habilitar-y-deshabilitar-cookies-que-los-sitios-we<\/a><\/li>\n<li>Safari:\u00a0<a href=\"http:\/\/support.apple.com\/kb\/ph5042\">http:\/\/support.apple.com\/kb\/ph5042<\/a><\/li>\n<\/ul>\n<p>Obrigado, <strong>Angionautix, S.L.<\/strong><\/p>\n<\/div><\/section>\n","protected":false},"excerpt":{"rendered":"","protected":false},"author":6,"featured_media":0,"parent":0,"menu_order":0,"comment_status":"closed","ping_status":"closed","template":"","meta":{"footnotes":""},"class_list":["post-11176","page","type-page","status-publish","hentry"],"_links":{"self":[{"href":"https:\/\/angionautix.com\/pt-pt\/wp-json\/wp\/v2\/pages\/11176","targetHints":{"allow":["GET"]}}],"collection":[{"href":"https:\/\/angionautix.com\/pt-pt\/wp-json\/wp\/v2\/pages"}],"about":[{"href":"https:\/\/angionautix.com\/pt-pt\/wp-json\/wp\/v2\/types\/page"}],"author":[{"embeddable":true,"href":"https:\/\/angionautix.com\/pt-pt\/wp-json\/wp\/v2\/users\/6"}],"replies":[{"embeddable":true,"href":"https:\/\/angionautix.com\/pt-pt\/wp-json\/wp\/v2\/comments?post=11176"}],"version-history":[{"count":2,"href":"https:\/\/angionautix.com\/pt-pt\/wp-json\/wp\/v2\/pages\/11176\/revisions"}],"predecessor-version":[{"id":11177,"href":"https:\/\/angionautix.com\/pt-pt\/wp-json\/wp\/v2\/pages\/11176\/revisions\/11177"}],"wp:attachment":[{"href":"https:\/\/angionautix.com\/pt-pt\/wp-json\/wp\/v2\/media?parent=11176"}],"curies":[{"name":"wp","href":"https:\/\/api.w.org\/{rel}","templated":true}]}}