{"id":11185,"date":"2021-04-20T09:47:51","date_gmt":"2021-04-20T09:47:51","guid":{"rendered":"https:\/\/angionautix.com\/aviso-legal\/"},"modified":"2025-06-13T11:40:50","modified_gmt":"2025-06-13T09:40:50","slug":"aviso-legal","status":"publish","type":"page","link":"https:\/\/angionautix.com\/pt-pt\/aviso-legal\/","title":{"rendered":"Aviso legal"},"content":{"rendered":"\n<style type=\"text\/css\" data-created_by=\"avia_inline_auto\" id=\"style-css-av-knpug13k-d0134bf3d440e1d92a02825e285c75a7\">\n#top .av-special-heading.av-knpug13k-d0134bf3d440e1d92a02825e285c75a7{\npadding-bottom:10px;\n}\nbody .av-special-heading.av-knpug13k-d0134bf3d440e1d92a02825e285c75a7 .av-special-heading-tag .heading-char{\nfont-size:25px;\n}\n.av-special-heading.av-knpug13k-d0134bf3d440e1d92a02825e285c75a7 .av-subheading{\nfont-size:15px;\n}\n<\/style>\n<div  class='av-special-heading av-knpug13k-d0134bf3d440e1d92a02825e285c75a7 av-special-heading-h3  avia-builder-el-0  el_before_av_textblock  avia-builder-el-first '><h3 class='av-special-heading-tag '  itemprop=\"headline\"  >Aviso legal<\/h3><div class=\"special-heading-border\"><div class=\"special-heading-inner-border\"><\/div><\/div><\/div>\n<section  class='av_textblock_section av-knpufvgy-b648dcd94c25ba58a0cb58bf436a2f84 '   itemscope=\"itemscope\" itemtype=\"https:\/\/schema.org\/CreativeWork\" ><div class='avia_textblock'  itemprop=\"text\" ><p data-start=\"1387\" data-end=\"1781\">Qualquer comunica\u00e7\u00e3o \u00e0 Angionautix, S.L. por qualquer meio ou atrav\u00e9s do seu endere\u00e7o de correio eletr\u00f3nico, ou dos formul\u00e1rios presentes neste website ou para o seu e-mail, pressup\u00f5e o consentimento expresso para que os seus dados pessoais sejam incorporados em ficheiros propriedade da Angionautix, S.L., com sede no Edif\u00edcio Torre Europa, Paseo de la Castellana 95, 29.\u00ba andar, 28046 Madrid.<\/p>\n<p data-start=\"1783\" data-end=\"1940\">Estes dados de car\u00e1cter pessoal ser\u00e3o tratados de acordo com o disposto na Lei Org\u00e2nica 15\/1999, de 13 de dezembro, de Prote\u00e7\u00e3o de Dados de Car\u00e1cter Pessoal.<\/p>\n<p data-start=\"1942\" data-end=\"2173\">Portanto, o interessado pode exercer o direito de acesso, retifica\u00e7\u00e3o, cancelamento e oposi\u00e7\u00e3o relativamente aos dados pessoais constantes nos referidos ficheiros, podendo revogar o seu consentimento por escrito a qualquer momento.<\/p>\n<p data-start=\"2175\" data-end=\"2244\">Para o efeito, podem faz\u00ea-lo mediante comunica\u00e7\u00e3o escrita dirigida a:<\/p>\n<p>Angionautix, S.L.<\/p>\n<p>Edificio Torre Europa,<br \/>paseo de la castellana 95, planta 29,\u00a028046, Madrid<br \/>customer.service@angionautix.com<\/p>\n<h3>Advertencia de Privacidade:<\/h3>\n<p>Os dados de car\u00e1cter pessoal que sejam fornecidos por correio eletr\u00f3nico ser\u00e3o registados num ficheiro propriedade da Angionautix, S.L., devidamente inscrito na Ag\u00eancia Espanhola de Prote\u00e7\u00e3o de Dados, com a finalidade de responder \u00e0s consultas e obter dados estat\u00edsticos. Por isso, podem ser exercidos os direitos de acesso, retifica\u00e7\u00e3o, cancelamento e oposi\u00e7\u00e3o junto da Angionautix, S.L. no Edif\u00edcio Torre Europa, Paseo de la Castellana 95, 29.\u00ba andar, 28046 Madrid.<\/p>\n<\/div><\/section>\n","protected":false},"excerpt":{"rendered":"","protected":false},"author":6,"featured_media":0,"parent":0,"menu_order":0,"comment_status":"closed","ping_status":"closed","template":"","meta":{"footnotes":""},"class_list":["post-11185","page","type-page","status-publish","hentry"],"_links":{"self":[{"href":"https:\/\/angionautix.com\/pt-pt\/wp-json\/wp\/v2\/pages\/11185","targetHints":{"allow":["GET"]}}],"collection":[{"href":"https:\/\/angionautix.com\/pt-pt\/wp-json\/wp\/v2\/pages"}],"about":[{"href":"https:\/\/angionautix.com\/pt-pt\/wp-json\/wp\/v2\/types\/page"}],"author":[{"embeddable":true,"href":"https:\/\/angionautix.com\/pt-pt\/wp-json\/wp\/v2\/users\/6"}],"replies":[{"embeddable":true,"href":"https:\/\/angionautix.com\/pt-pt\/wp-json\/wp\/v2\/comments?post=11185"}],"version-history":[{"count":2,"href":"https:\/\/angionautix.com\/pt-pt\/wp-json\/wp\/v2\/pages\/11185\/revisions"}],"predecessor-version":[{"id":11186,"href":"https:\/\/angionautix.com\/pt-pt\/wp-json\/wp\/v2\/pages\/11185\/revisions\/11186"}],"wp:attachment":[{"href":"https:\/\/angionautix.com\/pt-pt\/wp-json\/wp\/v2\/media?parent=11185"}],"curies":[{"name":"wp","href":"https:\/\/api.w.org\/{rel}","templated":true}]}}