{"id":4608,"date":"2021-04-21T15:23:43","date_gmt":"2021-04-21T15:23:43","guid":{"rendered":"https:\/\/angionautix.com\/quienes-somos\/"},"modified":"2021-06-08T13:46:26","modified_gmt":"2021-06-08T13:46:26","slug":"quienes-somos","status":"publish","type":"page","link":"https:\/\/angionautix.com\/pt-pt\/quienes-somos\/","title":{"rendered":"sobre n\u00f3s"},"content":{"rendered":"\n<style type=\"text\/css\" data-created_by=\"avia_inline_auto\" id=\"style-css-av-knq7gjrd-87472948d4a7ce55b077825340b168de\">\n.avia-section.av-knq7gjrd-87472948d4a7ce55b077825340b168de{\nbackground-repeat:no-repeat;\nbackground-image:url(https:\/\/angionautix.com\/wp-content\/uploads\/2021\/04\/quienes_somos.jpg);\nbackground-position:50% 50%;\nbackground-attachment:scroll;\n}\n<\/style>\n<div id='av_section_1'  class='avia-section av-knq7gjrd-87472948d4a7ce55b077825340b168de main_color avia-section-default avia-no-border-styling  avia-builder-el-0  el_before_av_hr  avia-builder-el-first  avia-full-stretch avia-bg-style-scroll av-minimum-height av-minimum-height-custom av-height-custom  container_wrap fullsize'  data-section-bg-repeat='stretch' data-av_minimum_height_px='450'><div class='container av-section-cont-open' style='height:450px'><main  role=\"main\" itemprop=\"mainContentOfPage\"  class='template-page content  av-content-full alpha units'><div class='post-entry post-entry-type-page post-entry-4608'><div class='entry-content-wrapper clearfix'><\/div><\/div><\/main><!-- close content main element --><\/div><\/div><div id='after_section_1'  class='main_color av_default_container_wrap container_wrap fullsize'  ><div class='container av-section-cont-open' ><div class='template-page content  av-content-full alpha units'><div class='post-entry post-entry-type-page post-entry-4608'><div class='entry-content-wrapper clearfix'>\n\n<style type=\"text\/css\" data-created_by=\"avia_inline_auto\" id=\"style-css-av-knq83v07-1d48ce35722f20ed0dd1efd38238317a\">\n#top .hr.hr-invisible.av-knq83v07-1d48ce35722f20ed0dd1efd38238317a{\nheight:10px;\n}\n<\/style>\n<div  class='hr av-knq83v07-1d48ce35722f20ed0dd1efd38238317a hr-invisible  avia-builder-el-1  el_after_av_section  el_before_av_heading  avia-builder-el-first '><span class='hr-inner '><span class=\"hr-inner-style\"><\/span><\/span><\/div>\n\n<style type=\"text\/css\" data-created_by=\"avia_inline_auto\" id=\"style-css-av-knq821pb-6672b94392d83d692e44a70bbb120563\">\n#top .av-special-heading.av-knq821pb-6672b94392d83d692e44a70bbb120563{\npadding-bottom:10px;\ncolor:#062653;\n}\nbody .av-special-heading.av-knq821pb-6672b94392d83d692e44a70bbb120563 .av-special-heading-tag .heading-char{\nfont-size:25px;\n}\n.av-special-heading.av-knq821pb-6672b94392d83d692e44a70bbb120563 .special-heading-inner-border{\nborder-color:#062653;\n}\n.av-special-heading.av-knq821pb-6672b94392d83d692e44a70bbb120563 .av-subheading{\nfont-size:15px;\n}\n<\/style>\n<div  class='av-special-heading av-knq821pb-6672b94392d83d692e44a70bbb120563 av-special-heading-h1 custom-color-heading  avia-builder-el-2  el_after_av_hr  el_before_av_section  avia-builder-el-last '><h1 class='av-special-heading-tag '  itemprop=\"headline\"  >Sobre n\u00f3s<\/h1><div class=\"special-heading-border\"><div class=\"special-heading-inner-border\"><\/div><\/div><\/div>\n<\/div><\/div><\/div><!-- close content main div --><\/div><\/div>\n<style type=\"text\/css\" data-created_by=\"avia_inline_auto\" id=\"style-css-av-knrmc2ia-dc7fa7dafc09ef0cc577e4f1c5a945e6\">\n.avia-section.av-knrmc2ia-dc7fa7dafc09ef0cc577e4f1c5a945e6{\nbackground-color:#ededed;\nbackground-image:unset;\n}\n<\/style>\n<div id='av_section_2'  class='avia-section av-knrmc2ia-dc7fa7dafc09ef0cc577e4f1c5a945e6 main_color avia-section-default avia-no-border-styling  avia-builder-el-3  el_after_av_heading  el_before_av_layout_row  avia-bg-style-scroll container_wrap fullsize'  ><div class='container av-section-cont-open' ><div class='template-page content  av-content-full alpha units'><div class='post-entry post-entry-type-page post-entry-4608'><div class='entry-content-wrapper clearfix'>\n<\/div><\/div><\/div><!-- close content main div --><\/div><\/div><div id='av-layout-grid-1'  class='av-layout-grid-container av-knrlrwyt-01f7af1d896a6ec5270a7d05e347afda entry-content-wrapper main_color av-flex-cells  avia-builder-el-4  el_after_av_section  el_before_av_section  grid-row-not-first  container_wrap fullsize'  >\n\n<style type=\"text\/css\" data-created_by=\"avia_inline_auto\" id=\"style-css-av-6kxqou-34b173bac829a4411b5fcf5459254023\">\n.flex_cell.av-6kxqou-34b173bac829a4411b5fcf5459254023{\nvertical-align:top;\nheight:450px;\nmin-height:450px;\nbackground-color:#ededed;\n}\n.responsive #top #wrap_all .flex_cell.av-6kxqou-34b173bac829a4411b5fcf5459254023{\npadding:50px 50px 50px 50px !important;\n}\n<\/style>\n<div class='flex_cell av-6kxqou-34b173bac829a4411b5fcf5459254023 av-gridrow-cell av_one_half no_margin  avia-builder-el-5  el_before_av_cell_one_half  avia-builder-el-first  content-align-top'  ><div class='flex_cell_inner'><p>\n<style type=\"text\/css\" data-created_by=\"avia_inline_auto\" id=\"style-css-av-4o6e1a-bf6acbc09032a528072c1693c2edd993\">\n#top .av-special-heading.av-4o6e1a-bf6acbc09032a528072c1693c2edd993{\npadding-bottom:10px;\ncolor:#062653;\n}\nbody .av-special-heading.av-4o6e1a-bf6acbc09032a528072c1693c2edd993 .av-special-heading-tag .heading-char{\nfont-size:25px;\n}\n.av-special-heading.av-4o6e1a-bf6acbc09032a528072c1693c2edd993 .special-heading-inner-border{\nborder-color:#062653;\n}\n.av-special-heading.av-4o6e1a-bf6acbc09032a528072c1693c2edd993 .av-subheading{\nfont-size:15px;\n}\n<\/style>\n<div  class='av-special-heading av-4o6e1a-bf6acbc09032a528072c1693c2edd993 av-special-heading-h2 custom-color-heading blockquote modern-quote modern-centered  avia-builder-el-6  el_before_av_hr  avia-builder-el-first '><h2 class='av-special-heading-tag '  itemprop=\"headline\"  >Miss\u00e3o<\/h2><div class=\"special-heading-border\"><div class=\"special-heading-inner-border\"><\/div><\/div><\/div><br \/>\n\n<style type=\"text\/css\" data-created_by=\"avia_inline_auto\" id=\"style-css-av-1xrfqm-7c66de35a4a1fa5210383ae7a0ad52c8\">\n#top .hr.av-1xrfqm-7c66de35a4a1fa5210383ae7a0ad52c8{\nmargin-top:10px;\nmargin-bottom:20px;\n}\n.hr.av-1xrfqm-7c66de35a4a1fa5210383ae7a0ad52c8 .hr-inner{\nwidth:80px;\nborder-color:#062653;\n}\n<\/style>\n<div  class='hr av-1xrfqm-7c66de35a4a1fa5210383ae7a0ad52c8 hr-custom  avia-builder-el-7  el_after_av_heading  el_before_av_hr  hr-center hr-icon-no'><span class='hr-inner inner-border-av-border-thin'><span class=\"hr-inner-style\"><\/span><\/span><\/div><br \/>\n\n<style type=\"text\/css\" data-created_by=\"avia_inline_auto\" id=\"style-css-av-knrm5ben-03f78f01de8764f471cf92de07105542\">\n#top .hr.hr-invisible.av-knrm5ben-03f78f01de8764f471cf92de07105542{\nheight:10px;\n}\n<\/style>\n<div  class='hr av-knrm5ben-03f78f01de8764f471cf92de07105542 hr-invisible  avia-builder-el-8  el_after_av_hr  el_before_av_textblock '><span class='hr-inner '><span class=\"hr-inner-style\"><\/span><\/span><\/div><br \/>\n\n<style type=\"text\/css\" data-created_by=\"avia_inline_auto\" id=\"style-css-av-knrlvrho-5d81e52c228d92492da0d4e6060d36d1\">\n#top .av_textblock_section.av-knrlvrho-5d81e52c228d92492da0d4e6060d36d1 .avia_textblock{\nfont-size:15px;\n}\n<\/style>\n<section  class='av_textblock_section av-knrlvrho-5d81e52c228d92492da0d4e6060d36d1 '   itemscope=\"itemscope\" itemtype=\"https:\/\/schema.org\/CreativeWork\" ><div class='avia_textblock'  itemprop=\"text\" ><p>A <strong>Angionautix<\/strong> \u00e9 uma empresa especializada em<strong> solu\u00e7\u00f5es endovasculares<\/strong> e mais especificamente <strong>neurovasculares<\/strong>. A experi\u00eancia \u00e9 proporcionada pelos seus colaboradores, que desenvolveram o seu trabalho ao longo dos \u00faltimos 15 anos nas primeiras empresas desta especialidade. Uma equipe altamente qualificada selecionou as melhores solu\u00e7\u00f5es do mercado para que o especialista obtenha os melhores resultados. As solu\u00e7\u00f5es oferecidas pela <strong>Angionautix<\/strong> s\u00e3o respaldadas por estudos cient\u00edficos que comprovam sua efic\u00e1cia e efici\u00eancia\u2026<\/p>\n<p>Distribui\u00e7\u00e3o, implementa\u00e7\u00e3o e forma\u00e7\u00e3o nas mais recentes tecnologias e dispositivos para o tratamento minimamente invasivo e intervencionista da patologia vascular nas \u00e1reas geogr\u00e1ficas de Espanha, Portugal, Chile e M\u00e9xico.<\/p>\n<\/div><\/section><br \/>\n\n<style type=\"text\/css\" data-created_by=\"avia_inline_auto\" id=\"style-css-av-5z3rxq-fd858ecc4de90ca8caa61e459c8453a1\">\n#top .hr.hr-invisible.av-5z3rxq-fd858ecc4de90ca8caa61e459c8453a1{\nheight:10px;\n}\n<\/style>\n<div  class='hr av-5z3rxq-fd858ecc4de90ca8caa61e459c8453a1 hr-invisible  avia-builder-el-10  el_after_av_textblock  avia-builder-el-last '><span class='hr-inner '><span class=\"hr-inner-style\"><\/span><\/span><\/div><\/p>\n<\/div><\/div>\n<style type=\"text\/css\" data-created_by=\"avia_inline_auto\" id=\"style-css-av-knrlu1jk-fc11eeece9aa5c2f5f03c782a51441b8\">\n.flex_cell.av-knrlu1jk-fc11eeece9aa5c2f5f03c782a51441b8{\nvertical-align:middle;\nheight:450px;\nmin-height:450px;\nbackground:url(https:\/\/angionautix.com\/wp-content\/uploads\/2021\/04\/quienes2.jpg) 50% 50% no-repeat scroll ;\n}\n.responsive #top #wrap_all .flex_cell.av-knrlu1jk-fc11eeece9aa5c2f5f03c782a51441b8{\npadding:30px 30px 30px 30px !important;\n}\n<\/style>\n<div class='flex_cell av-knrlu1jk-fc11eeece9aa5c2f5f03c782a51441b8 av-gridrow-cell av_one_half no_margin  avia-builder-el-11  el_after_av_cell_one_half  avia-builder-el-last  imagen-der content-align-middle avia-full-stretch'  ><div class='flex_cell_inner'><\/div><\/div>\n<\/div>\n\n<style type=\"text\/css\" data-created_by=\"avia_inline_auto\" id=\"style-css-av-75p4jy-8a858a7d3de637590e7f600242a1460b\">\n.avia-section.av-75p4jy-8a858a7d3de637590e7f600242a1460b{\nbackground-color:#ededed;\nbackground-image:unset;\n}\n<\/style>\n<div id='av_section_3'  class='avia-section av-75p4jy-8a858a7d3de637590e7f600242a1460b main_color avia-section-default avia-no-border-styling  avia-builder-el-12  el_after_av_layout_row  el_before_av_section  avia-bg-style-scroll container_wrap fullsize'  ><div class='container av-section-cont-open' ><div class='template-page content  av-content-full alpha units'><div class='post-entry post-entry-type-page post-entry-4608'><div class='entry-content-wrapper clearfix'>\n<\/div><\/div><\/div><!-- close content main div --><\/div><\/div><div id='av_section_4'  class='avia-section av-knrmcky8-be2da9ab86cce3efd740f455dda6b012 main_color avia-section-default avia-no-border-styling  avia-builder-el-13  el_after_av_section  el_before_av_layout_row  avia-bg-style-scroll container_wrap fullsize'  ><div class='container av-section-cont-open' ><div class='template-page content  av-content-full alpha units'><div class='post-entry post-entry-type-page post-entry-4608'><div class='entry-content-wrapper clearfix'>\n<\/div><\/div><\/div><!-- close content main div --><\/div><\/div><div id='av-layout-grid-2'  class='av-layout-grid-container av-72aqou-5fe4a5a6a0691e595546499cb625b06c entry-content-wrapper main_color av-flex-cells  avia-builder-el-14  el_after_av_section  el_before_av_section  grid-row-not-first  container_wrap fullsize'  >\n\n<style type=\"text\/css\" data-created_by=\"avia_inline_auto\" id=\"style-css-av-knrm2xar-d030996f8d57cc9a0ff4ab418d210c26\">\n.flex_cell.av-knrm2xar-d030996f8d57cc9a0ff4ab418d210c26{\nvertical-align:middle;\nheight:450px;\nmin-height:450px;\nbackground:url(https:\/\/angionautix.com\/wp-content\/uploads\/2021\/04\/quienes3.jpg) 50% 100% no-repeat scroll ;\n}\n.responsive #top #wrap_all .flex_cell.av-knrm2xar-d030996f8d57cc9a0ff4ab418d210c26{\npadding:30px 30px 30px 30px !important;\n}\n<\/style>\n<div class='flex_cell av-knrm2xar-d030996f8d57cc9a0ff4ab418d210c26 av-gridrow-cell av_one_half no_margin  avia-builder-el-15  el_before_av_cell_one_half  avia-builder-el-first  imagen-izq content-align-middle avia-full-stretch'  ><div class='flex_cell_inner'><\/div><\/div>\n<style type=\"text\/css\" data-created_by=\"avia_inline_auto\" id=\"style-css-av-knrlxpbf-0a7d814af7efefb0331375f5a744aee1\">\n.flex_cell.av-knrlxpbf-0a7d814af7efefb0331375f5a744aee1{\nvertical-align:middle;\nheight:450px;\nmin-height:450px;\nbackground-color:#ffffff;\n}\n.responsive #top #wrap_all .flex_cell.av-knrlxpbf-0a7d814af7efefb0331375f5a744aee1{\npadding:50px 50px 50px 50px !important;\n}\n<\/style>\n<div class='flex_cell av-knrlxpbf-0a7d814af7efefb0331375f5a744aee1 av-gridrow-cell av_one_half no_margin  avia-builder-el-16  el_after_av_cell_one_half  avia-builder-el-last  content-align-middle avia-full-stretch'  ><div class='flex_cell_inner'><p>\n<style type=\"text\/css\" data-created_by=\"avia_inline_auto\" id=\"style-css-av-knrlyfdu-7d0e906f6303dfc68937f8cb31f0bbb8\">\n#top .av-special-heading.av-knrlyfdu-7d0e906f6303dfc68937f8cb31f0bbb8{\npadding-bottom:10px;\ncolor:#062653;\n}\nbody .av-special-heading.av-knrlyfdu-7d0e906f6303dfc68937f8cb31f0bbb8 .av-special-heading-tag .heading-char{\nfont-size:25px;\n}\n.av-special-heading.av-knrlyfdu-7d0e906f6303dfc68937f8cb31f0bbb8 .special-heading-inner-border{\nborder-color:#062653;\n}\n.av-special-heading.av-knrlyfdu-7d0e906f6303dfc68937f8cb31f0bbb8 .av-subheading{\nfont-size:15px;\n}\n<\/style>\n<div  class='av-special-heading av-knrlyfdu-7d0e906f6303dfc68937f8cb31f0bbb8 av-special-heading-h2 custom-color-heading blockquote modern-quote modern-centered  avia-builder-el-17  el_before_av_hr  avia-builder-el-first '><h2 class='av-special-heading-tag '  itemprop=\"headline\"  >Vis\u00e3o<\/h2><div class=\"special-heading-border\"><div class=\"special-heading-inner-border\"><\/div><\/div><\/div><br \/>\n\n<style type=\"text\/css\" data-created_by=\"avia_inline_auto\" id=\"style-css-av-7dz9ku-065727ffd49f99ab597aeec943f5e459\">\n#top .hr.av-7dz9ku-065727ffd49f99ab597aeec943f5e459{\nmargin-top:10px;\nmargin-bottom:20px;\n}\n.hr.av-7dz9ku-065727ffd49f99ab597aeec943f5e459 .hr-inner{\nwidth:80px;\nborder-color:#062653;\n}\n<\/style>\n<div  class='hr av-7dz9ku-065727ffd49f99ab597aeec943f5e459 hr-custom  avia-builder-el-18  el_after_av_heading  el_before_av_hr  hr-center hr-icon-no'><span class='hr-inner inner-border-av-border-thin'><span class=\"hr-inner-style\"><\/span><\/span><\/div><br \/>\n\n<style type=\"text\/css\" data-created_by=\"avia_inline_auto\" id=\"style-css-av-5xp6y6-37b6a8807ede00bd2d88f2c03b0ca9f8\">\n#top .hr.hr-invisible.av-5xp6y6-37b6a8807ede00bd2d88f2c03b0ca9f8{\nheight:10px;\n}\n<\/style>\n<div  class='hr av-5xp6y6-37b6a8807ede00bd2d88f2c03b0ca9f8 hr-invisible  avia-builder-el-19  el_after_av_hr  el_before_av_textblock '><span class='hr-inner '><span class=\"hr-inner-style\"><\/span><\/span><\/div><br \/>\n\n<style type=\"text\/css\" data-created_by=\"avia_inline_auto\" id=\"style-css-av-knrm135l-04a26950c816b99a732cdaae39fbd26d\">\n#top .av_textblock_section.av-knrm135l-04a26950c816b99a732cdaae39fbd26d .avia_textblock{\nfont-size:15px;\n}\n<\/style>\n<section  class='av_textblock_section av-knrm135l-04a26950c816b99a732cdaae39fbd26d '   itemscope=\"itemscope\" itemtype=\"https:\/\/schema.org\/CreativeWork\" ><div class='avia_textblock'  itemprop=\"text\" ><p>Tornar-se uma empresa de refer\u00eancia em intervencionismo e terapias minimamente invasivas para todos os fabricantes de tecnologias inovadoras que proporcionem valor acrescentado ao tratamento da patologia vascular, bem como para todos os profissionais de sa\u00fade que pretendam manter uma forma\u00e7\u00e3o cont\u00ednua neste campo. Desta forma, ajudar o maior n\u00famero de pacientes a se beneficiar do acesso<strong> \u00e0 melhor tecnologia em m\u00e3os de profissionais treinados.<\/strong><\/p>\n<p>A <strong>Angionautix<\/strong> \u00e9 uma empresa especializada em <strong>solu\u00e7\u00f5es endovasculares.<\/strong> A experi\u00eancia \u00e9 proporcionada pelos seus colaboradores, que desenvolveram o seu trabalho ao longo dos \u00faltimos <strong>15 anos nas primeiras empresas desta especialidade.<\/strong><\/p>\n<p>Uma <strong>equipe altamente qualificada<\/strong> selecionou <strong>as melhores solu\u00e7\u00f5es do mercado<\/strong> para que o especialista obtenha os melhores resultados. As solu\u00e7\u00f5es oferecidas pela <strong>Angionautix<\/strong> s\u00e3o <strong>respaldadas por estudos cient\u00edficos que comprovam sua efic\u00e1cia e seguran\u00e7a.<\/strong><\/p>\n<\/div><\/section><br \/>\n\n<style type=\"text\/css\" data-created_by=\"avia_inline_auto\" id=\"style-css-av-vcri6-f851eb7342330e70cb3a6f1a82c8944a\">\n#top .hr.hr-invisible.av-vcri6-f851eb7342330e70cb3a6f1a82c8944a{\nheight:10px;\n}\n<\/style>\n<div  class='hr av-vcri6-f851eb7342330e70cb3a6f1a82c8944a hr-invisible  avia-builder-el-21  el_after_av_textblock  avia-builder-el-last '><span class='hr-inner '><span class=\"hr-inner-style\"><\/span><\/span><\/div><\/p>\n<\/div><\/div><\/div><div id='av_section_5'  class='avia-section av-6fpca6-5bcc38daad9ab15cf45aebda2ba4df1a main_color avia-section-default avia-no-border-styling  avia-builder-el-22  el_after_av_layout_row  el_before_av_section  avia-bg-style-scroll container_wrap fullsize'  ><div class='container av-section-cont-open' ><div class='template-page content  av-content-full alpha units'><div class='post-entry post-entry-type-page post-entry-4608'><div class='entry-content-wrapper clearfix'><\/p>\n<\/div><\/div><\/div><!-- close content main div --><\/div><\/div>\n<style type=\"text\/css\" data-created_by=\"avia_inline_auto\" id=\"style-css-av-3i144e-c60112e73218d425744958fbc983dad3\">\n.avia-section.av-3i144e-c60112e73218d425744958fbc983dad3{\nbackground-color:#ededed;\nbackground-image:unset;\n}\n<\/style>\n<div id='av_section_6'  class='avia-section av-3i144e-c60112e73218d425744958fbc983dad3 main_color avia-section-default avia-no-border-styling  avia-builder-el-23  el_after_av_section  el_before_av_layout_row  avia-bg-style-scroll container_wrap fullsize'  ><div class='container av-section-cont-open' ><div class='template-page content  av-content-full alpha units'><div class='post-entry post-entry-type-page post-entry-4608'><div class='entry-content-wrapper clearfix'>\n<\/div><\/div><\/div><!-- close content main div --><\/div><\/div><div id='av-layout-grid-3'  class='av-layout-grid-container av-6e3ony-36b35c6d56d46bc79ddc5a6895ebcf61 entry-content-wrapper main_color av-flex-cells  avia-builder-el-24  el_after_av_section  el_before_av_section  grid-row-not-first  container_wrap fullsize'  >\n\n<style type=\"text\/css\" data-created_by=\"avia_inline_auto\" id=\"style-css-av-fj28u-126570272ddcb090af8247660ff2dca5\">\n.flex_cell.av-fj28u-126570272ddcb090af8247660ff2dca5{\nvertical-align:top;\nheight:450px;\nmin-height:450px;\nbackground-color:#ededed;\n}\n.responsive #top #wrap_all .flex_cell.av-fj28u-126570272ddcb090af8247660ff2dca5{\npadding:50px 50px 50px 50px !important;\n}\n<\/style>\n<div class='flex_cell av-fj28u-126570272ddcb090af8247660ff2dca5 av-gridrow-cell av_one_half no_margin  avia-builder-el-25  el_before_av_cell_one_half  avia-builder-el-first  content-align-top'  ><div class='flex_cell_inner'><p>\n<style type=\"text\/css\" data-created_by=\"avia_inline_auto\" id=\"style-css-av-knrm2d6k-3054274acf33ab1bd777c377c5135264\">\n#top .av-special-heading.av-knrm2d6k-3054274acf33ab1bd777c377c5135264{\npadding-bottom:10px;\ncolor:#062653;\n}\nbody .av-special-heading.av-knrm2d6k-3054274acf33ab1bd777c377c5135264 .av-special-heading-tag .heading-char{\nfont-size:25px;\n}\n.av-special-heading.av-knrm2d6k-3054274acf33ab1bd777c377c5135264 .special-heading-inner-border{\nborder-color:#062653;\n}\n.av-special-heading.av-knrm2d6k-3054274acf33ab1bd777c377c5135264 .av-subheading{\nfont-size:15px;\n}\n<\/style>\n<div  class='av-special-heading av-knrm2d6k-3054274acf33ab1bd777c377c5135264 av-special-heading-h2 custom-color-heading blockquote modern-quote modern-centered  avia-builder-el-26  el_before_av_hr  avia-builder-el-first '><h2 class='av-special-heading-tag '  itemprop=\"headline\"  >Valores<\/h2><div class=\"special-heading-border\"><div class=\"special-heading-inner-border\"><\/div><\/div><\/div><br \/>\n\n<style type=\"text\/css\" data-created_by=\"avia_inline_auto\" id=\"style-css-av-2ssri6-94fd3f5e1711e1fa94b7fd91994a5e6e\">\n#top .hr.av-2ssri6-94fd3f5e1711e1fa94b7fd91994a5e6e{\nmargin-top:10px;\nmargin-bottom:20px;\n}\n.hr.av-2ssri6-94fd3f5e1711e1fa94b7fd91994a5e6e .hr-inner{\nwidth:80px;\nborder-color:#062653;\n}\n<\/style>\n<div  class='hr av-2ssri6-94fd3f5e1711e1fa94b7fd91994a5e6e hr-custom  avia-builder-el-27  el_after_av_heading  el_before_av_hr  hr-center hr-icon-no'><span class='hr-inner inner-border-av-border-thin'><span class=\"hr-inner-style\"><\/span><\/span><\/div><br \/>\n\n<style type=\"text\/css\" data-created_by=\"avia_inline_auto\" id=\"style-css-av-2rmbq6-9ed24657d84bd59e8873c637066ed330\">\n#top .hr.hr-invisible.av-2rmbq6-9ed24657d84bd59e8873c637066ed330{\nheight:10px;\n}\n<\/style>\n<div  class='hr av-2rmbq6-9ed24657d84bd59e8873c637066ed330 hr-invisible  avia-builder-el-28  el_after_av_hr  el_before_av_textblock '><span class='hr-inner '><span class=\"hr-inner-style\"><\/span><\/span><\/div><br \/>\n\n<style type=\"text\/css\" data-created_by=\"avia_inline_auto\" id=\"style-css-av-knrm4bec-3e5646bdea605ebac9f5dd7dfec56459\">\n#top .av_textblock_section.av-knrm4bec-3e5646bdea605ebac9f5dd7dfec56459 .avia_textblock{\nfont-size:15px;\n}\n<\/style>\n<section  class='av_textblock_section av-knrm4bec-3e5646bdea605ebac9f5dd7dfec56459 '   itemscope=\"itemscope\" itemtype=\"https:\/\/schema.org\/CreativeWork\" ><div class='avia_textblock'  itemprop=\"text\" ><p>Um dos <strong>nossos principais valores<\/strong> \u00e9 o <strong>compromisso com os nossos clientes.<\/strong> Compartilhamos as dificuldades e responsabilidades envolvidas no uso de nossos produtos pelos pacientes. <strong>A seguran\u00e7a do paciente e o treinamento especializado<\/strong> s\u00e3o objetivos priorit\u00e1rios na utiliza\u00e7\u00e3o de todos os produtos e servi\u00e7os que oferecemos. O envolvimento e <strong>conhecimento t\u00e9cnico de nossa equipe<\/strong> agregam qualidade ao atendimento, o que garante a continuidade de uso e sucesso no diagn\u00f3stico ou terapia.<\/p>\n<\/div><\/section><br \/>\n\n<style type=\"text\/css\" data-created_by=\"avia_inline_auto\" id=\"style-css-av-4qyp5a-745256a1b4be0e5f5fdc692c7cb2709e\">\n#top .hr.hr-invisible.av-4qyp5a-745256a1b4be0e5f5fdc692c7cb2709e{\nheight:10px;\n}\n<\/style>\n<div  class='hr av-4qyp5a-745256a1b4be0e5f5fdc692c7cb2709e hr-invisible  avia-builder-el-30  el_after_av_textblock  avia-builder-el-last '><span class='hr-inner '><span class=\"hr-inner-style\"><\/span><\/span><\/div><\/p>\n<\/div><\/div>\n<style type=\"text\/css\" data-created_by=\"avia_inline_auto\" id=\"style-css-av-knrm3904-7f692782e6092ee7d907f71f893bbcff\">\n.flex_cell.av-knrm3904-7f692782e6092ee7d907f71f893bbcff{\nvertical-align:middle;\nheight:450px;\nmin-height:450px;\nbackground:url(https:\/\/angionautix.com\/wp-content\/uploads\/2021\/04\/quienes1.jpg) 50% 50% no-repeat scroll ;\n}\n.responsive #top #wrap_all .flex_cell.av-knrm3904-7f692782e6092ee7d907f71f893bbcff{\npadding:30px 30px 30px 30px !important;\n}\n<\/style>\n<div class='flex_cell av-knrm3904-7f692782e6092ee7d907f71f893bbcff av-gridrow-cell av_one_half no_margin  avia-builder-el-31  el_after_av_cell_one_half  avia-builder-el-last  imagen-der content-align-middle avia-full-stretch'  ><div class='flex_cell_inner'><\/div><\/div>\n<\/div>\n\n<style type=\"text\/css\" data-created_by=\"avia_inline_auto\" id=\"style-css-av-2rx1j2-9b692a2d35061395d418fb90208a5408\">\n.avia-section.av-2rx1j2-9b692a2d35061395d418fb90208a5408{\nbackground-color:#ededed;\nbackground-image:unset;\n}\n<\/style>\n<div id='av_section_7'  class='avia-section av-2rx1j2-9b692a2d35061395d418fb90208a5408 main_color avia-section-default avia-no-border-styling  avia-builder-el-32  el_after_av_layout_row  avia-builder-el-last  avia-bg-style-scroll container_wrap fullsize'  ><div class='container av-section-cont-open' ><div class='template-page content  av-content-full alpha units'><div class='post-entry post-entry-type-page post-entry-4608'><div class='entry-content-wrapper clearfix'>\n","protected":false},"excerpt":{"rendered":"","protected":false},"author":6,"featured_media":0,"parent":0,"menu_order":0,"comment_status":"closed","ping_status":"closed","template":"","meta":{"footnotes":""},"class_list":["post-4608","page","type-page","status-publish","hentry"],"_links":{"self":[{"href":"https:\/\/angionautix.com\/pt-pt\/wp-json\/wp\/v2\/pages\/4608","targetHints":{"allow":["GET"]}}],"collection":[{"href":"https:\/\/angionautix.com\/pt-pt\/wp-json\/wp\/v2\/pages"}],"about":[{"href":"https:\/\/angionautix.com\/pt-pt\/wp-json\/wp\/v2\/types\/page"}],"author":[{"embeddable":true,"href":"https:\/\/angionautix.com\/pt-pt\/wp-json\/wp\/v2\/users\/6"}],"replies":[{"embeddable":true,"href":"https:\/\/angionautix.com\/pt-pt\/wp-json\/wp\/v2\/comments?post=4608"}],"version-history":[{"count":7,"href":"https:\/\/angionautix.com\/pt-pt\/wp-json\/wp\/v2\/pages\/4608\/revisions"}],"predecessor-version":[{"id":7832,"href":"https:\/\/angionautix.com\/pt-pt\/wp-json\/wp\/v2\/pages\/4608\/revisions\/7832"}],"wp:attachment":[{"href":"https:\/\/angionautix.com\/pt-pt\/wp-json\/wp\/v2\/media?parent=4608"}],"curies":[{"name":"wp","href":"https:\/\/api.w.org\/{rel}","templated":true}]}}